{"id":52,"date":"2012-04-25T19:40:03","date_gmt":"2012-04-25T17:40:03","guid":{"rendered":"http:\/\/manipogo.de\/?page_id=52"},"modified":"2024-11-09T16:20:48","modified_gmt":"2024-11-09T15:20:48","slug":"neue-seite","status":"publish","type":"page","link":"https:\/\/manipogo.de\/?page_id=52","title":{"rendered":"Impressum"},"content":{"rendered":"<h1>Impressum<\/h1>\n<p>Manfred Poser<br \/>M\u00fchlenstra\u00dfe 63<br \/>79282 Ballrechten-Dottingen<\/p>\n<h2>Kontakt<\/h2>\n<p>Telefon: +49 7634 8783<br \/>E-Mail: manipogo@manipogo.de<\/p>\n<h2>Redaktionell verantwortlich<\/h2>\n<p>Manfred Poser<br \/>M\u00fchlenstra\u00dfe 63<br \/>D-79282 Ballrechten-Dottingen<\/p>\n<p><strong>Redaktion und Konzept: <\/strong>Manfred Poser<\/p>\n<p><strong>manipogo<\/strong> wird angetrieben durch <a href=\"http:\/\/wordpress.org\/\">WordPress<\/a>. Das Theme basiert auf dem Theme Kubrick, \u2039Bleibt alles anders\u2039.<\/p>\n<p><strong>Rechte<\/strong>: Alle Rechte vorbehalten.<\/p>\n<p>Die Ver\u00f6ffentlichungen auf diesen Seiten unterliegen dem deutschen Urheberrecht. Beitr\u00e4ge Dritter sind als solche gekennzeichnet. Vervielf\u00e4ltigung, Bearbeitung und jede Art der Verwertung au\u00dferhalb der Grenzen des Urheberrechtes bed\u00fcrfen der Zustimmung von Manfred Poser (Anschrift siehe oben) oder des jeweiligen Verfassers bzw. Fotografen. Insbesondere d\u00fcrfen Nachdruck, Aufnahme in Online-Dienste und Internet und Vervielf\u00e4ltigung auf Datentr\u00e4ger wie CD-ROM, DVD-ROM etc. nur nach vorheriger schriftlicher Zustimmung von Manfred Poser (Anschrift siehe oben) oder des jeweiligen Autors oder Fotografen erfolgen.<\/p>\n<p>Downloads und Kopien dieser Seite sind ausschlie\u00dflich f\u00fcr den privaten, nicht kommerziellen Gebrauch gestattet.<\/p>\n<p><strong>Haftung f\u00fcr Inhalte<\/strong><\/p>\n<p>Die Inhalte unserer Seiten wurden mit Sorgfalt erstellt. F\u00fcr die Richtigkeit, Vollst\u00e4ndigkeit und Aktualit\u00e4t der Inhalte k\u00f6nnen wir jedoch keine Gew\u00e4hr \u00fcbernehmen. Als Diensteanbieter im Sinn von \u00a7 2 (\u00bbBegriffsbestimmungen\u00ab) TMG sind wir gem\u00e4\u00df \u00a7 7 (\u00bbAllgemeine Grunds\u00e4tze\u00ab) Abs.1 TMG f\u00fcr eigene Inhalte auf diesen Seiten nach den allgemeinen Gesetzen verantwortlich. Nach \u00a7\u00a7 8 (\u00bbDurchleitung von Informationen\u00ab), 9 (\u00bbZwischenspeicherung zur beschleunigten \u00dcbermittlung von Informationen\u00ab) und 10 (\u00bbSpeicherung von Informationen\u00ab) TMG stehen wir als Diensteanbieter jedoch nicht in der Pflicht, \u00fcbermittelte oder gespeicherte Informationen Dritter zu \u00fcberwachen oder nach Gegebenheiten zu forschen, die auf eine rechtswidrige T\u00e4tigkeit hinweisen. Verpflichtungen zur Entfernung oder Sperrung der Nutzung von Informationen nach den allgemeinen Gesetzen bleiben hiervon unber\u00fchrt. Eine diesbez\u00fcgliche Haftung ist jedoch erst ab dem Zeitpunkt der Kenntnis einer konkreten Rechtsverletzung m\u00f6glich. Bei Bekanntwerden von derlei Rechtsverletzungen werden diese Inhalte umgehend von unseren Seiten getilgt.<br \/>\u00a0<\/p>\n","protected":false},"excerpt":{"rendered":"<p>Impressum Manfred PoserM\u00fchlenstra\u00dfe 6379282 Ballrechten-Dottingen Kontakt Telefon: +49 7634 8783E-Mail: manipogo@manipogo.de Redaktionell verantwortlich Manfred PoserM\u00fchlenstra\u00dfe 63D-79282 Ballrechten-Dottingen Redaktion und Konzept: Manfred Poser manipogo wird angetrieben durch WordPress. Das Theme basiert auf dem Theme Kubrick, \u2039Bleibt alles anders\u2039. Rechte: Alle Rechte vorbehalten. Die Ver\u00f6ffentlichungen auf diesen Seiten unterliegen dem deutschen Urheberrecht. Beitr\u00e4ge Dritter sind als solche [&hellip;]<\/p>\n","protected":false},"author":1,"featured_media":0,"parent":0,"menu_order":0,"comment_status":"open","ping_status":"open","template":"","meta":{"footnotes":""},"class_list":["post-52","page","type-page","status-publish","hentry"],"yoast_head":"<!-- This site is optimized with the Yoast SEO plugin v27.3 - https:\/\/yoast.com\/product\/yoast-seo-wordpress\/ -->\n<title>Impressum - manipogo<\/title>\n<meta name=\"robots\" content=\"index, follow, max-snippet:-1, max-image-preview:large, max-video-preview:-1\" \/>\n<link rel=\"canonical\" href=\"https:\/\/manipogo.de\/?page_id=52\" \/>\n<meta property=\"og:locale\" content=\"de_DE\" \/>\n<meta property=\"og:type\" content=\"article\" \/>\n<meta property=\"og:title\" content=\"Impressum - manipogo\" \/>\n<meta property=\"og:description\" content=\"Impressum Manfred PoserM\u00fchlenstra\u00dfe 6379282 Ballrechten-Dottingen Kontakt Telefon: +49 7634 8783E-Mail: manipogo@manipogo.de Redaktionell verantwortlich Manfred PoserM\u00fchlenstra\u00dfe 63D-79282 Ballrechten-Dottingen Redaktion und Konzept: Manfred Poser manipogo wird angetrieben durch WordPress. Das Theme basiert auf dem Theme Kubrick, \u2039Bleibt alles anders\u2039. Rechte: Alle Rechte vorbehalten. Die Ver\u00f6ffentlichungen auf diesen Seiten unterliegen dem deutschen Urheberrecht. Beitr\u00e4ge Dritter sind als solche [&hellip;]\" \/>\n<meta property=\"og:url\" content=\"https:\/\/manipogo.de\/?page_id=52\" \/>\n<meta property=\"og:site_name\" content=\"manipogo\" \/>\n<meta property=\"article:modified_time\" content=\"2024-11-09T15:20:48+00:00\" \/>\n<meta name=\"twitter:card\" content=\"summary_large_image\" \/>\n<meta name=\"twitter:label1\" content=\"Gesch\u00e4tzte Lesezeit\" \/>\n\t<meta name=\"twitter:data1\" content=\"2\u00a0Minuten\" \/>\n<script type=\"application\/ld+json\" class=\"yoast-schema-graph\">{\"@context\":\"https:\\\/\\\/schema.org\",\"@graph\":[{\"@type\":\"WebPage\",\"@id\":\"https:\\\/\\\/manipogo.de\\\/?page_id=52\",\"url\":\"https:\\\/\\\/manipogo.de\\\/?page_id=52\",\"name\":\"Impressum - manipogo\",\"isPartOf\":{\"@id\":\"https:\\\/\\\/manipogo.de\\\/#website\"},\"datePublished\":\"2012-04-25T17:40:03+00:00\",\"dateModified\":\"2024-11-09T15:20:48+00:00\",\"breadcrumb\":{\"@id\":\"https:\\\/\\\/manipogo.de\\\/?page_id=52#breadcrumb\"},\"inLanguage\":\"de\",\"potentialAction\":[{\"@type\":\"ReadAction\",\"target\":[\"https:\\\/\\\/manipogo.de\\\/?page_id=52\"]}]},{\"@type\":\"BreadcrumbList\",\"@id\":\"https:\\\/\\\/manipogo.de\\\/?page_id=52#breadcrumb\",\"itemListElement\":[{\"@type\":\"ListItem\",\"position\":1,\"name\":\"Startseite\",\"item\":\"https:\\\/\\\/manipogo.de\\\/\"},{\"@type\":\"ListItem\",\"position\":2,\"name\":\"Impressum\"}]},{\"@type\":\"WebSite\",\"@id\":\"https:\\\/\\\/manipogo.de\\\/#website\",\"url\":\"https:\\\/\\\/manipogo.de\\\/\",\"name\":\"manipogo\",\"description\":\"Gott und die Welt\",\"potentialAction\":[{\"@type\":\"SearchAction\",\"target\":{\"@type\":\"EntryPoint\",\"urlTemplate\":\"https:\\\/\\\/manipogo.de\\\/?s={search_term_string}\"},\"query-input\":{\"@type\":\"PropertyValueSpecification\",\"valueRequired\":true,\"valueName\":\"search_term_string\"}}],\"inLanguage\":\"de\"}]}<\/script>\n<!-- \/ Yoast SEO plugin. -->","yoast_head_json":{"title":"Impressum - manipogo","robots":{"index":"index","follow":"follow","max-snippet":"max-snippet:-1","max-image-preview":"max-image-preview:large","max-video-preview":"max-video-preview:-1"},"canonical":"https:\/\/manipogo.de\/?page_id=52","og_locale":"de_DE","og_type":"article","og_title":"Impressum - manipogo","og_description":"Impressum Manfred PoserM\u00fchlenstra\u00dfe 6379282 Ballrechten-Dottingen Kontakt Telefon: +49 7634 8783E-Mail: manipogo@manipogo.de Redaktionell verantwortlich Manfred PoserM\u00fchlenstra\u00dfe 63D-79282 Ballrechten-Dottingen Redaktion und Konzept: Manfred Poser manipogo wird angetrieben durch WordPress. Das Theme basiert auf dem Theme Kubrick, \u2039Bleibt alles anders\u2039. Rechte: Alle Rechte vorbehalten. Die Ver\u00f6ffentlichungen auf diesen Seiten unterliegen dem deutschen Urheberrecht. Beitr\u00e4ge Dritter sind als solche [&hellip;]","og_url":"https:\/\/manipogo.de\/?page_id=52","og_site_name":"manipogo","article_modified_time":"2024-11-09T15:20:48+00:00","twitter_card":"summary_large_image","twitter_misc":{"Gesch\u00e4tzte Lesezeit":"2\u00a0Minuten"},"schema":{"@context":"https:\/\/schema.org","@graph":[{"@type":"WebPage","@id":"https:\/\/manipogo.de\/?page_id=52","url":"https:\/\/manipogo.de\/?page_id=52","name":"Impressum - manipogo","isPartOf":{"@id":"https:\/\/manipogo.de\/#website"},"datePublished":"2012-04-25T17:40:03+00:00","dateModified":"2024-11-09T15:20:48+00:00","breadcrumb":{"@id":"https:\/\/manipogo.de\/?page_id=52#breadcrumb"},"inLanguage":"de","potentialAction":[{"@type":"ReadAction","target":["https:\/\/manipogo.de\/?page_id=52"]}]},{"@type":"BreadcrumbList","@id":"https:\/\/manipogo.de\/?page_id=52#breadcrumb","itemListElement":[{"@type":"ListItem","position":1,"name":"Startseite","item":"https:\/\/manipogo.de\/"},{"@type":"ListItem","position":2,"name":"Impressum"}]},{"@type":"WebSite","@id":"https:\/\/manipogo.de\/#website","url":"https:\/\/manipogo.de\/","name":"manipogo","description":"Gott und die Welt","potentialAction":[{"@type":"SearchAction","target":{"@type":"EntryPoint","urlTemplate":"https:\/\/manipogo.de\/?s={search_term_string}"},"query-input":{"@type":"PropertyValueSpecification","valueRequired":true,"valueName":"search_term_string"}}],"inLanguage":"de"}]}},"_links":{"self":[{"href":"https:\/\/manipogo.de\/index.php?rest_route=\/wp\/v2\/pages\/52","targetHints":{"allow":["GET"]}}],"collection":[{"href":"https:\/\/manipogo.de\/index.php?rest_route=\/wp\/v2\/pages"}],"about":[{"href":"https:\/\/manipogo.de\/index.php?rest_route=\/wp\/v2\/types\/page"}],"author":[{"embeddable":true,"href":"https:\/\/manipogo.de\/index.php?rest_route=\/wp\/v2\/users\/1"}],"replies":[{"embeddable":true,"href":"https:\/\/manipogo.de\/index.php?rest_route=%2Fwp%2Fv2%2Fcomments&post=52"}],"version-history":[{"count":17,"href":"https:\/\/manipogo.de\/index.php?rest_route=\/wp\/v2\/pages\/52\/revisions"}],"predecessor-version":[{"id":38689,"href":"https:\/\/manipogo.de\/index.php?rest_route=\/wp\/v2\/pages\/52\/revisions\/38689"}],"wp:attachment":[{"href":"https:\/\/manipogo.de\/index.php?rest_route=%2Fwp%2Fv2%2Fmedia&parent=52"}],"curies":[{"name":"wp","href":"https:\/\/api.w.org\/{rel}","templated":true}]}}